{"id":96,"date":"2012-02-08T15:17:03","date_gmt":"2012-02-08T15:17:03","guid":{"rendered":"http:\/\/energiewerkstatt.info.dd17638.kasserver.com\/?page_id=96"},"modified":"2021-07-07T12:59:58","modified_gmt":"2021-07-07T12:59:58","slug":"kontakt-2","status":"publish","type":"page","link":"http:\/\/energiewerkstatt.info\/?page_id=96","title":{"rendered":"Kontakt"},"content":{"rendered":"<h3>Brigitta Mayrhofer<\/h3>\n<h5 style=\"text-align: justify;\">Rohrerstr.4<br \/>\n4064 Oftering<\/h5>\n<p>(in der Ortschaft Hausleiten)<\/p>\n<h5><\/h5>\n<p>Telefonische Terminvereinbarung erbeten!<\/p>\n<p>Tel.:\u00a0\u00a0\u00a0 0650\/56 33 425<br \/>\nMail:\u00a0\u00a0 mail@energiewerkstatt.info<\/p>\n<p>Impresssum<br \/>\nInformationspflicht laut \u00a75 E-Commerce Gesetz, \u00a714 Unternehmensgesetzbuch, \u00a763 Gewerbeordnung und Offenlegungspflicht laut \u00a725 Mediengesetz.<\/p>\n<p>Energiewerkstatt Brigitta Mayrhofer<br \/>\nBrigitta Mayrhofer<br \/>\nRohrerstra\u00dfe 4,<br \/>\n4064 Oftering,<br \/>\n\u00d6sterreich<br \/>\nTel.: +43 650 5633425<br \/>\nE-Mail: mail@energiewerkstatt.info<br \/>\nAufsichtsbeh\u00f6rde\/Gewerbebeh\u00f6rde: Bezirkshauptmannschaft Linz Land<br \/>\nBerufsbezeichnung: Energetikerin<br \/>\nVerleihungsstaat: \u00d6sterreich<\/p>\n<p>EU-Streitschlichtung<br \/>\nAngaben zur Online-Streitbeilegung: Verbraucher haben die M\u00f6glichkeit, Beschwerden an die OnlineStreitbeilegungsplattform der EU zu richten. Sie k\u00f6nnen allf\u00e4llige Beschwerde auch an die oben angegebene E-Mail-Adresse richten.<\/p>\n<p>Haftung f\u00fcr Inhalte dieser Webseite<br \/>\nWir entwickeln die Inhalte dieser Webseite st\u00e4ndig weiter und bem\u00fchen uns korrekte und aktuelle Informationen bereitzustellen. Leider k\u00f6nnen wir keine Haftung f\u00fcr die Korrektheit aller Inhalte auf dieser Webseite \u00fcbernehmen, speziell f\u00fcr jene, die seitens Dritter bereitgestellt wird. Sollten Ihnen problematische oder rechtswidrige Inhalte auffallen, bitte wir Sie uns umgehend zu kontaktieren.<\/p>\n<p>Haftung f\u00fcr Links auf dieser Webseite<br \/>\nUnsere Webseite enth\u00e4lt Links zu anderen Webseiten f\u00fcr deren Inhalt wir nicht verantwortlich sind. Wenn Ihnen rechtswidrige Links auf unserer Webseite auffallen, bitte wir Sie uns zu kontaktieren.<\/p>\n<p>Urheberrechtshinweis<br \/>\nAlle Inhalte dieser Webseite (Bilder, Fotos, Texte, Videos) unterliegen dem Urheberrecht. Falls notwendig, werden wir die unerlaubte Nutzung von Teilen der Inhalte unserer Seite rechtlich verfolgen.<\/p>\n<p>Bildernachweis<br \/>\nDie Bilder, Fotos und Grafiken auf dieser Webseite sind urheberrechtlich gesch\u00fctzt.<\/p>\n<p>Datenschutzerkl\u00e4rung<br \/>\nWir haben diese Datenschutzerkl\u00e4rung (Fassung 08.06.2018-221063049) verfasst, um Ihnen gem\u00e4\u00df der Vorgaben der EU-Datenschutz-Grundverordnung zu erkl\u00e4ren, welche Informationen wir sammeln, wie wir Daten verwenden und welche Entscheidungsm\u00f6glichkeiten Sie als Besucher dieser Webseite haben.<\/p>\n<p>Automatische Datenspeicherung<br \/>\nUnser Webserver speichert automatisch Daten wie:<br \/>\ndie URL der aufgerufenen Webseite, Browser und Browserversio, das verwendete Betriebssystem, die URRL der zuvor besuchten Seite, den Hostname und die IP-Adresse des Ger\u00e4ts, von welchem aus zugegriffen wird, Datum und Uhrzeit. In der Regel werden Webserver-Logfiles zwei Wochen gespeichert und danach automatisch gel\u00f6scht. Wir geben diese Daten nicht weiter, k\u00f6nnen jedoch nicht ausschlie\u00dfen, dass diese Daten beim Vorliegen von rechtswidrigem Verhalten eingesehen werden.<\/p>\n<p>Speicherung pers\u00f6nlicher Daten<br \/>\nPers\u00f6nliche Daten, die Sie uns auf dieser Website elektronisch \u00fcbermitteln, wie zum Beispiel Name, E-Mail-Adresse, Adresse oder andere pers\u00f6nlichen Angaben im Rahmen der \u00dcbermittlung eines Formulars oder Kommentaren im Blog, werden von uns gemeinsam mit dem Zeitpunkt und der IP-Adresse nur zum jeweils angegebenen Zweck verwendet, sicher verwahrt und nicht an Dritte weitergegeben.<\/p>\n<p>Wir nutzen Ihre pers\u00f6nlichen Daten somit nur f\u00fcr die Kommunikation mit jenen Besuchern, die Kontakt ausdr\u00fccklich w\u00fcnschen und f\u00fcr die Abwicklung der auf dieser Webseite angebotenen Dienstleistungen und Produkte. Wir geben Ihre pers\u00f6nlichen Daten ohne Zustimmung nicht weiter, k\u00f6nnen jedoch nicht ausschlie\u00dfen, dass diese Daten beim Vorliegen von rechtswidrigem Verhalten eingesehen werden.<\/p>\n<p>Rechte laut Datenschutzgrundverordnung<br \/>\nIhnen stehen laut den Bestimmungen der DSGVO und des \u00f6sterreichischen Datenschutzgesetzes (DSG) grunds\u00e4tzlich die folgende Rechte zu:<br \/>\nRecht auf Berichtung (Artikel 16 DSGVO), Recht auf L\u00f6schung (\u201eRecht auf Vergessenwerden\u201c) (Artikel 17 DSGVO), Recht auf Einschr\u00e4nkung der Verarbeitung (Artikel 18 DSGVO), Recht auf Benachrichtigung \u2013 Mitteilungspflicht im Zusammenhang mit der Berichtigung oder L\u00f6schung personenbezogener Daten oder der Einschr\u00e4nkung der Verarbeitung (Artikel 19 DSGVO), Recht auf Daten\u00fcbertragbarkeit (Artikel 20 DSGVO), Widerspruchsrecht (Artikel 21 DSGVO), Recht, nicht einer ausschlie\u00dflich auf einer automatisierten Verarbeitung \u2014 einschlie\u00dflich Profiling \u2014 beruhenden Entscheidung unterworfen zu werden (Artikel 22 DSGVO). Wenn Sie glauben, dass die Verarbeitung Ihrer Daten gegen das Datenschutzrecht verst\u00f6\u00dft oder Ihre datenschutzrechtlichen Anspr\u00fcche sonst in einer Weise verletzt worden sind, k\u00f6nnen Sie sich bei der Aufsichtsbeh\u00f6rde beschweren, welche in \u00d6sterreich die Datenschutzbeh\u00f6rde ist, deren Webseite Sie unter https:\/\/www.dsb.gv.at\/ finden.<\/p>\n<p>Cookies<br \/>\nUnsere Website verwendet HTTP-Cookies, um Nutzerdaten zu speichern. Es gibt zwei Arten von Cookies: Erstanbieter-Cookies werden von unserer Website erstellt, Drittanbieter-Cookies werden von anderen Websites (z. B. Google Analytics) erstellt. Man unterscheidet drei Kategorien von Cookies: unbedingt notwendige Cookies, um grundlegende Funktionen der Website sicherzustellen, funktionelle Cookies um die Leistung der Webseite sicherzustellen und zielorientierte Cookies, um das Benutzererlebnis zu verbessern. Wir nutzen Cookies, um unsere Webseite nutzerfreundlicher zu gestalten. Einige Cookies bleiben auf Ihrem Endger\u00e4t gespeichert, bis Sie diese l\u00f6schen. Sie erm\u00f6glichen es uns, Ihren Browser beim n\u00e4chsten Besuch widerzuerkennen.<\/p>\n<p>Quelle: Erstellt mit dem\u00a0<a href=\"https:\/\/www.adsimple.at\/datenschutz-generator\/\" target=\"_blank\" rel=\"noopener noreferrer\" data-saferedirecturl=\"https:\/\/www.google.com\/url?q=https:\/\/www.adsimple.at\/datenschutz-generator\/&amp;source=gmail&amp;ust=1625738918559000&amp;usg=AFQjCNGNJE9cOHrWAeRpUaHInmgX-oV-dw\">Datenschutz-Generator<\/a>\u00a0von AdSimple<\/p>\n","protected":false},"excerpt":{"rendered":"<p>Brigitta Mayrhofer Rohrerstr.4 4064 Oftering (in der Ortschaft Hausleiten) Telefonische Terminvereinbarung erbeten! Tel.:\u00a0\u00a0\u00a0 0650\/56 33 425 Mail:\u00a0\u00a0 mail@energiewerkstatt.info Impresssum Informationspflicht laut \u00a75 E-Commerce Gesetz, \u00a714 Unternehmensgesetzbuch, \u00a763 Gewerbeordnung und Offenlegungspflicht laut \u00a725 Mediengesetz. Energiewerkstatt Brigitta Mayrhofer Brigitta Mayrhofer Rohrerstra\u00dfe 4, 4064 Oftering, \u00d6sterreich Tel.: +43 650 5633425 E-Mail: mail@energiewerkstatt.info Aufsichtsbeh\u00f6rde\/Gewerbebeh\u00f6rde: Bezirkshauptmannschaft Linz Land Berufsbezeichnung: Energetikerin [&hellip;]<\/p>\n","protected":false},"author":1,"featured_media":106,"parent":0,"menu_order":0,"comment_status":"open","ping_status":"closed","template":"contact.php","meta":[],"_links":{"self":[{"href":"http:\/\/energiewerkstatt.info\/index.php?rest_route=\/wp\/v2\/pages\/96"}],"collection":[{"href":"http:\/\/energiewerkstatt.info\/index.php?rest_route=\/wp\/v2\/pages"}],"about":[{"href":"http:\/\/energiewerkstatt.info\/index.php?rest_route=\/wp\/v2\/types\/page"}],"author":[{"embeddable":true,"href":"http:\/\/energiewerkstatt.info\/index.php?rest_route=\/wp\/v2\/users\/1"}],"replies":[{"embeddable":true,"href":"http:\/\/energiewerkstatt.info\/index.php?rest_route=%2Fwp%2Fv2%2Fcomments&post=96"}],"version-history":[{"count":39,"href":"http:\/\/energiewerkstatt.info\/index.php?rest_route=\/wp\/v2\/pages\/96\/revisions"}],"predecessor-version":[{"id":761,"href":"http:\/\/energiewerkstatt.info\/index.php?rest_route=\/wp\/v2\/pages\/96\/revisions\/761"}],"wp:featuredmedia":[{"embeddable":true,"href":"http:\/\/energiewerkstatt.info\/index.php?rest_route=\/wp\/v2\/media\/106"}],"wp:attachment":[{"href":"http:\/\/energiewerkstatt.info\/index.php?rest_route=%2Fwp%2Fv2%2Fmedia&parent=96"}],"curies":[{"name":"wp","href":"https:\/\/api.w.org\/{rel}","templated":true}]}}