{"id":274,"date":"2012-04-27T13:57:12","date_gmt":"2012-04-27T13:57:12","guid":{"rendered":"http:\/\/energiewerkstatt.info\/?page_id=274"},"modified":"2012-11-04T09:29:57","modified_gmt":"2012-11-04T09:29:57","slug":"was-ist-energetik","status":"publish","type":"page","link":"http:\/\/energiewerkstatt.info\/?page_id=274","title":{"rendered":"Was ist Energethik?"},"content":{"rendered":"<p>&nbsp;<\/p>\n<p><span style=\"color: #000000;\"><strong>Energethik kann uns &#8211; abseits der schulmedizinischen M\u00f6glichkeiten &#8211; helfen,<br \/>\nuns besser zu f\u00fchlen und psychische als auch physische Probleme zu l\u00f6sen.<\/strong><br \/>\nKomplement\u00e4rmedizinische Methoden geh\u00f6ren zur ganzheitlichen Behandlung. Fast alle dieser Methoden arbeiten nach dem Prinzip der Regulationstherapie. <\/span><br \/>\n<span style=\"color: #000000;\">Damit wir uns wohl f\u00fchlen, muss unser energetisches Gleichgewicht stimmen. Umweltbedingungen und Lebensweise k\u00f6nnen diese Balance st\u00f6ren und sogar unterbrechen &#8211; Es entsteht eine Blockade.<br \/>\nDie Auswirkungen reichen von seelischen Leiden wie Depression, Panikattacken, Angstzust\u00e4nde \u00fcber gesundheitliche Probleme bis hin zu k\u00f6rperlichen Krankheiten. Mit Hilfe der Energethik werden spezifische Impulse (Schwingungen, Frequenzen,..) gesetzt, die es dem Menschen erm\u00f6glichen,<strong> seine Selbstheilungskr\u00e4fte zu aktivieren und den Heilungsprozess einzuleiten.<\/strong><\/span><\/p>\n<p><span style=\"color: #000000;\">Kennzeichnend f\u00fcr den Energethiker ist die Ganzheitlichkeit der Batrachtungsweise (K\u00f6rper-Geist-Seele), die Anwendung energetischer Methoden und die innere Ausrichtung des Energethikers auf Heilung.<\/span><\/p>\n<ul>\n<li><span style=\"color: #000000;\">Eine energetische Behandlung ist keinerlei Ersatz f\u00fcr \u00e4rztliche Diagnose oder Behandlung!<\/span><\/li>\n<li><span style=\"color: #000000;\">Ebenso ist sie keinerlei Ersatz f\u00fcr psychologische oder psychotherapeutische Behandlung oder Untersuchung.<\/span><\/li>\n<li><span style=\"color: #000000;\">S\u00e4mtliche Aussagen sind keine Diagnosen oder Behandlungen im medizinischen Sinne, sondern stellen reine energetische Zustandsbeschreibungen dar.<\/span><\/li>\n<\/ul>\n","protected":false},"excerpt":{"rendered":"<p>&nbsp; Energethik kann uns &#8211; abseits der schulmedizinischen M\u00f6glichkeiten &#8211; helfen, uns besser zu f\u00fchlen und psychische als auch physische Probleme zu l\u00f6sen. Komplement\u00e4rmedizinische Methoden geh\u00f6ren zur ganzheitlichen Behandlung. Fast alle dieser Methoden arbeiten nach dem Prinzip der Regulationstherapie. Damit wir uns wohl f\u00fchlen, muss unser energetisches Gleichgewicht stimmen. Umweltbedingungen und Lebensweise k\u00f6nnen diese Balance [&hellip;]<\/p>\n","protected":false},"author":1,"featured_media":0,"parent":271,"menu_order":0,"comment_status":"open","ping_status":"open","template":"","meta":[],"_links":{"self":[{"href":"http:\/\/energiewerkstatt.info\/index.php?rest_route=\/wp\/v2\/pages\/274"}],"collection":[{"href":"http:\/\/energiewerkstatt.info\/index.php?rest_route=\/wp\/v2\/pages"}],"about":[{"href":"http:\/\/energiewerkstatt.info\/index.php?rest_route=\/wp\/v2\/types\/page"}],"author":[{"embeddable":true,"href":"http:\/\/energiewerkstatt.info\/index.php?rest_route=\/wp\/v2\/users\/1"}],"replies":[{"embeddable":true,"href":"http:\/\/energiewerkstatt.info\/index.php?rest_route=%2Fwp%2Fv2%2Fcomments&post=274"}],"version-history":[{"count":10,"href":"http:\/\/energiewerkstatt.info\/index.php?rest_route=\/wp\/v2\/pages\/274\/revisions"}],"predecessor-version":[{"id":523,"href":"http:\/\/energiewerkstatt.info\/index.php?rest_route=\/wp\/v2\/pages\/274\/revisions\/523"}],"up":[{"embeddable":true,"href":"http:\/\/energiewerkstatt.info\/index.php?rest_route=\/wp\/v2\/pages\/271"}],"wp:attachment":[{"href":"http:\/\/energiewerkstatt.info\/index.php?rest_route=%2Fwp%2Fv2%2Fmedia&parent=274"}],"curies":[{"name":"wp","href":"https:\/\/api.w.org\/{rel}","templated":true}]}}