{"id":2,"date":"2012-02-08T12:33:23","date_gmt":"2012-02-08T12:33:23","guid":{"rendered":"http:\/\/energiewerkstatt.info.dd17638.kasserver.com\/?page_id=2"},"modified":"2012-10-22T21:27:04","modified_gmt":"2012-10-22T21:27:04","slug":"sample-page","status":"publish","type":"page","link":"http:\/\/energiewerkstatt.info\/?page_id=2","title":{"rendered":"Ueber Mich"},"content":{"rendered":"<p><a href=\"http:\/\/energiewerkstatt.info\/wp-content\/uploads\/2012\/10\/brigitta_hutwagner_3.jpg\"><img loading=\"lazy\" class=\"wp-image-458 alignleft\" title=\"brigitta_hutwagner_3\" src=\"http:\/\/energiewerkstatt.info\/wp-content\/uploads\/2012\/10\/brigitta_hutwagner_3-300x213.jpg\" alt=\"\" width=\"211\" height=\"153\" \/><\/a><a href=\"http:\/\/energiewerkstatt.info\/wp-content\/uploads\/2012\/10\/brigitta_hutwagner_1.jpg\"><img loading=\"lazy\" class=\"wp-image-457 alignleft\" title=\"brigitta_hutwagner_1\" src=\"http:\/\/energiewerkstatt.info\/wp-content\/uploads\/2012\/10\/brigitta_hutwagner_1-199x300.jpg\" alt=\"\" width=\"104\" height=\"153\" \/><\/a><a href=\"http:\/\/energiewerkstatt.info\/wp-content\/uploads\/2012\/10\/portrait1.jpg\"><img loading=\"lazy\" class=\"wp-image-447 alignnone\" title=\"portrait\" src=\"http:\/\/energiewerkstatt.info\/wp-content\/uploads\/2012\/10\/portrait1-300x199.jpg\" alt=\"\" width=\"237\" height=\"153\" \/><\/a><\/p>\n<p><span style=\"color: #7a0f7a;\">Ich tue was ich liebe und ich liebe was ich tue!<\/p>\n<p><\/span>Nichts geschieht ohne Grund &#8211; Alles hat einen Sinn, der sich oft aber erst zu einem sp\u00e4teren Zeitpunkt offenbart.WEITER-ENT-WICKLUNG und Flexibilit\u00e4t sind gerade in der heutigen Zeit des Wandels sehr wichtig&#8230;fast schon \u00fcberlebenswichtig. Alles flie\u00dft und ist in Bewegung &#8211; dadurch wird alles, was keine gesunde,ehrliche Basis (mehr) hat, gnadenlos aufgedeckt oder getrennt. Die Wahrheit kommt ans Licht!<\/p>\n<p><span style=\"color: #000000;\">Nur die Ungewissheit oder Unsicherheit vor Ver\u00e4nderung, vor dem NEUEN, was da kommen k\u00f6nnte, macht uns Angst. Aber der Weg ist das Ziel &#8211; und es ist keine Schande, auf diesem Weg auch mal hinzufallen.<\/span><\/p>\n<p><span style=\"color: #000000;\">Auch ich durfte im Laufe meines Lebens viele schmerzhafte Erfahrungen und Erkenntnisse erleben. Ich betrachte sie heute als Gewinn, denn alles hatte seinen Sinn und hat mich zu dem Menschen gemacht, der ich heute bin.<br \/>\nIch bin aus tiefstem Herzen dankbar und stolz auf alles, was mein Leben, in welcher Form auch immer, reich gemacht hat!<\/span><\/p>\n","protected":false},"excerpt":{"rendered":"<p>Ich tue was ich liebe und ich liebe was ich tue! Nichts geschieht ohne Grund &#8211; Alles hat einen Sinn, der sich oft aber erst zu einem sp\u00e4teren Zeitpunkt offenbart.WEITER-ENT-WICKLUNG und Flexibilit\u00e4t sind gerade in der heutigen Zeit des Wandels sehr wichtig&#8230;fast schon \u00fcberlebenswichtig. Alles flie\u00dft und ist in Bewegung &#8211; dadurch wird alles, was [&hellip;]<\/p>\n","protected":false},"author":1,"featured_media":0,"parent":0,"menu_order":0,"comment_status":"open","ping_status":"open","template":"","meta":[],"_links":{"self":[{"href":"http:\/\/energiewerkstatt.info\/index.php?rest_route=\/wp\/v2\/pages\/2"}],"collection":[{"href":"http:\/\/energiewerkstatt.info\/index.php?rest_route=\/wp\/v2\/pages"}],"about":[{"href":"http:\/\/energiewerkstatt.info\/index.php?rest_route=\/wp\/v2\/types\/page"}],"author":[{"embeddable":true,"href":"http:\/\/energiewerkstatt.info\/index.php?rest_route=\/wp\/v2\/users\/1"}],"replies":[{"embeddable":true,"href":"http:\/\/energiewerkstatt.info\/index.php?rest_route=%2Fwp%2Fv2%2Fcomments&post=2"}],"version-history":[{"count":59,"href":"http:\/\/energiewerkstatt.info\/index.php?rest_route=\/wp\/v2\/pages\/2\/revisions"}],"predecessor-version":[{"id":67,"href":"http:\/\/energiewerkstatt.info\/index.php?rest_route=\/wp\/v2\/pages\/2\/revisions\/67"}],"wp:attachment":[{"href":"http:\/\/energiewerkstatt.info\/index.php?rest_route=%2Fwp%2Fv2%2Fmedia&parent=2"}],"curies":[{"name":"wp","href":"https:\/\/api.w.org\/{rel}","templated":true}]}}